{"id":445,"date":"2026-01-13T22:27:58","date_gmt":"2026-01-13T22:27:58","guid":{"rendered":"https:\/\/www.rathaus-apotheke-kerpen.de\/werbeaktionen\/?post_type=product&#038;p=445"},"modified":"2026-02-26T20:16:37","modified_gmt":"2026-02-26T20:16:37","slug":"neurontin","status":"publish","type":"product","link":"https:\/\/www.rathaus-apotheke-kerpen.de\/werbeaktionen\/product\/neurontin\/","title":{"rendered":"Neurontin"},"content":{"rendered":"<h1>Allgemeine Informationen Neurontin<\/h1>\n<p>Neurontin, mit dem Wirkstoff Gabapentin, wird haupts\u00e4chlich zur Behandlung von neuropathischen Schmerzen und als Begleittherapie bei partiellen Anf\u00e4llen bei Erwachsenen und Kindern eingesetzt. Es geh\u00f6rt zur Gruppe der Antikonvulsiva. Es ist nicht als Medikament zur Behandlung akuter Schmerzen geeignet. Der Wirkstoff Gabapentin wurde urspr\u00fcnglich als Medikament zur Behandlung von Epilepsie entwickelt, hat jedoch auch andere therapeutische Anwendungsbereiche gefunden.<\/p>\n<h2>Wirkmechanismus Gabapentin<\/h2>\n<p>Gabapentin wirkt, indem es auf spezifische neuronale Rezeptoren im zentralen Nervensystem einwirkt. Dies f\u00fchrt zu einer Verringerung der Erregbarkeit \u00fcberaktiver Nervenzellen. Obwohl der genaue Wirkmechanismus von Gabapentin nicht vollst\u00e4ndig gekl\u00e4rt ist, wird angenommen, dass es die Freisetzung bestimmter Neurotransmitter reduziert und somit das Schmerzempfinden beeinflusst.<\/p>\n<h2>Empfohlene Dosierung Erwachsene<\/h2>\n<p>Bei der Behandlung von neuropathischen Schmerzen bei Erwachsenen beginnt die Dosis von Neurontin in der Regel mit 300 mg am ersten Tag und wird schrittweise auf eine Erhaltungsdosis von 1800 mg pro Tag, verteilt auf drei Dosen, gesteigert. Bei Bedarf und nach \u00e4rztlicher Konsultation kann die Dosis weiter erh\u00f6ht werden, darf jedoch 3600 mg pro Tag nicht \u00fcberschreiten.<\/p>\n<h2>Anwendungsgebiet Kinder<\/h2>\n<p>Bei Kindern im Alter von 3 bis 12 Jahren, die an partiellen Anf\u00e4llen leiden, wird die Dosis basierend auf dem K\u00f6rpergewicht berechnet. Die Anfangsdosis liegt bei 10-15 mg\/kg pro Tag und wird langsam auf eine Erhaltungsdosis von 25-35 mg\/kg pro Tag, aufgeteilt in drei Einzelgaben, gesteigert. Kinder unter 3 Jahren sollten Neurontin nicht einnehmen.<\/p>\n<h2>Pharmakokinetik des Arzneimittels<\/h2>\n<p>Nach oraler Einnahme wird Gabapentin im D\u00fcnndarm resorbiert und erreicht seine maximale Blutkonzentration innerhalb von zwei bis drei Stunden. Die Bioverf\u00fcgbarkeit von Gabapentin nimmt mit steigender Dosis ab. Es wird unver\u00e4ndert \u00fcber die Nieren ausgeschieden, wobei die Halbwertszeit zwischen f\u00fcnf und sieben Stunden betr\u00e4gt. Eine Anpassung der Dosis ist bei Patienten mit eingeschr\u00e4nkter <a href=\"https:\/\/www.rathaus-apotheke-kerpen.de\/werbeaktionen\/product\/forxiga\/\" data-internallinksmanager029f6b8e52c=\"110\" title=\"Forxiga\">Nierenfunktion<\/a> erforderlich.<\/p>\n<h2>Wechselwirkungen mit Neurontin<\/h2>\n<p>Neurontin kann mit anderen Arzneimitteln interagieren, insbesondere mit Medikamenten, die das zentrale Nervensystem beeinflussen, wie beispielsweise Opioide und <a href=\"https:\/\/www.rathaus-apotheke-kerpen.de\/werbeaktionen\/product-category\/depression\/\" data-internallinksmanager029f6b8e52c=\"25\" title=\"Depression\">Antidepressiva<\/a>, was zu verst\u00e4rkter Schl\u00e4frigkeit oder Atemdepression f\u00fchren kann. Bei gleichzeitiger Einnahme von Antazida, die Aluminium oder Magnesium enthalten, kann die Aufnahme von Gabapentin verringert werden. Daher sollte ein zeitlicher Abstand von mindestens zwei Stunden eingehalten werden.<\/p>\n<h2>Lagerung des Medikaments<\/h2>\n<p>Neurontin sollte bei Raumtemperatur, zwischen 15 und 25 Grad Celsius aufbewahrt werden. Es sollte vor Feuchtigkeit und direkter Sonneneinstrahlung gesch\u00fctzt sein. Arzneimittel m\u00fcssen au\u00dferhalb der Reichweite von Kindern gelagert werden.<\/p>\n<h2>Einfluss auf Fahreignung<\/h2>\n<p>Gabapentin kann Schl\u00e4frigkeit und Schwindel verursachen. Patienten, die Neurontin einnehmen, sollten ihre individuelle Reaktion auf das Medikament bewerten, bevor sie Fahrzeuge f\u00fchren oder Maschinen bedienen. Bei Aus\u00fcbung von T\u00e4tigkeiten, die Aufmerksamkeit erfordern, ist Vorsicht geboten.<\/p>\n<h2>Therapiekontrolle und Anpassung<\/h2>\n<p>Regelm\u00e4\u00dfige Kontrolluntersuchungen sind bei der Behandlung mit Neurontin wichtig, um die Wirksamkeit der Therapie zu beurteilen und die Dosis gegebenenfalls anzupassen. Die individuelle Dosisanpassung sollte immer in Absprache mit einem Arzt erfolgen, insbesondere bei Ver\u00e4nderungen in der Nierenfunktion oder bei Auftreten unerw\u00fcnschter Wirkungen.<\/p>\n<h2>Spezielle Patientengruppen beachten<\/h2>\n<p>\u00c4ltere Patienten und solche mit eingeschr\u00e4nkter Nierenfunktion ben\u00f6tigen m\u00f6glicherweise eine angepasste Dosierung von Neurontin. Bei Patienten mit schwerer Niereninsuffizienz sollte eine Dosisreduktion in Betracht gezogen werden. Diese Gruppen sollten engmaschig \u00fcberwacht werden, um die sichere Anwendung des Medikaments zu gew\u00e4hrleisten.<\/p>\n","protected":false},"excerpt":{"rendered":"<p>Neurontin ist ein Medikament, dessen Wirkstoff Gabapentin ist. Es ist auch unter den Namen Gabapentin und Gabaran bekannt. Neurontin wird haupts\u00e4chlich zur Behandlung von Anf\u00e4llen bei Epilepsie und zur Linderung von Nervenschmerzen wie bei einer diabetischen Neuropathie verwendet.<\/p>\n<h2>Neurontin Preis<\/h2>\n<p>Sie k\u00f6nnen mit einem Preis zwischen 0.53\u20ac und 3.56\u20ac f\u00fcr Neurontin pro Pillen rechnen. Die Preise variieren je nach Verpackungsgr\u00f6\u00dfe und Wirkstoffmenge (30 oder 360 tabletten).<\/p>\n","protected":false},"featured_media":271,"comment_status":"open","ping_status":"closed","template":"","meta":{"site-sidebar-layout":"default","site-content-layout":"","ast-site-content-layout":"default","site-content-style":"default","site-sidebar-style":"default","ast-global-header-display":"","ast-banner-title-visibility":"","ast-main-header-display":"","ast-hfb-above-header-display":"","ast-hfb-below-header-display":"","ast-hfb-mobile-header-display":"","site-post-title":"","ast-breadcrumbs-content":"","ast-featured-img":"","footer-sml-layout":"","ast-disable-related-posts":"","theme-transparent-header-meta":"","adv-header-id-meta":"","stick-header-meta":"","header-above-stick-meta":"","header-main-stick-meta":"","header-below-stick-meta":"","astra-migrate-meta-layouts":"default","ast-page-background-enabled":"default","ast-page-background-meta":{"desktop":{"background-color":"var(--ast-global-color-5)","background-image":"","background-repeat":"repeat","background-position":"center center","background-size":"auto","background-attachment":"scroll","background-type":"","background-media":"","overlay-type":"","overlay-color":"","overlay-opacity":"","overlay-gradient":""},"tablet":{"background-color":"","background-image":"","background-repeat":"repeat","background-position":"center center","background-size":"auto","background-attachment":"scroll","background-type":"","background-media":"","overlay-type":"","overlay-color":"","overlay-opacity":"","overlay-gradient":""},"mobile":{"background-color":"","background-image":"","background-repeat":"repeat","background-position":"center center","background-size":"auto","background-attachment":"scroll","background-type":"","background-media":"","overlay-type":"","overlay-color":"","overlay-opacity":"","overlay-gradient":""}},"ast-content-background-meta":{"desktop":{"background-color":"var(--ast-global-color-4)","background-image":"","background-repeat":"repeat","background-position":"center center","background-size":"auto","background-attachment":"scroll","background-type":"","background-media":"","overlay-type":"","overlay-color":"","overlay-opacity":"","overlay-gradient":""},"tablet":{"background-color":"var(--ast-global-color-4)","background-image":"","background-repeat":"repeat","background-position":"center center","background-size":"auto","background-attachment":"scroll","background-type":"","background-media":"","overlay-type":"","overlay-color":"","overlay-opacity":"","overlay-gradient":""},"mobile":{"background-color":"var(--ast-global-color-4)","background-image":"","background-repeat":"repeat","background-position":"center center","background-size":"auto","background-attachment":"scroll","background-type":"","background-media":"","overlay-type":"","overlay-color":"","overlay-opacity":"","overlay-gradient":""}}},"product_brand":[],"product_cat":[21],"product_tag":[],"class_list":{"0":"post-445","1":"product","2":"type-product","3":"status-publish","4":"has-post-thumbnail","6":"product_cat-andere","7":"pa_wirkstoff-gabapentin","8":"desktop-align-left","9":"tablet-align-left","10":"mobile-align-left","12":"first","13":"instock","14":"shipping-taxable","15":"product-type-external"},"_links":{"self":[{"href":"https:\/\/www.rathaus-apotheke-kerpen.de\/werbeaktionen\/wp-json\/wp\/v2\/product\/445","targetHints":{"allow":["GET"]}}],"collection":[{"href":"https:\/\/www.rathaus-apotheke-kerpen.de\/werbeaktionen\/wp-json\/wp\/v2\/product"}],"about":[{"href":"https:\/\/www.rathaus-apotheke-kerpen.de\/werbeaktionen\/wp-json\/wp\/v2\/types\/product"}],"replies":[{"embeddable":true,"href":"https:\/\/www.rathaus-apotheke-kerpen.de\/werbeaktionen\/wp-json\/wp\/v2\/comments?post=445"}],"wp:featuredmedia":[{"embeddable":true,"href":"https:\/\/www.rathaus-apotheke-kerpen.de\/werbeaktionen\/wp-json\/wp\/v2\/media\/271"}],"wp:attachment":[{"href":"https:\/\/www.rathaus-apotheke-kerpen.de\/werbeaktionen\/wp-json\/wp\/v2\/media?parent=445"}],"wp:term":[{"taxonomy":"product_brand","embeddable":true,"href":"https:\/\/www.rathaus-apotheke-kerpen.de\/werbeaktionen\/wp-json\/wp\/v2\/product_brand?post=445"},{"taxonomy":"product_cat","embeddable":true,"href":"https:\/\/www.rathaus-apotheke-kerpen.de\/werbeaktionen\/wp-json\/wp\/v2\/product_cat?post=445"},{"taxonomy":"product_tag","embeddable":true,"href":"https:\/\/www.rathaus-apotheke-kerpen.de\/werbeaktionen\/wp-json\/wp\/v2\/product_tag?post=445"}],"curies":[{"name":"wp","href":"https:\/\/api.w.org\/{rel}","templated":true}]}}