{"id":515,"date":"2026-01-10T13:40:33","date_gmt":"2026-01-10T13:40:33","guid":{"rendered":"https:\/\/www.rathaus-apotheke-kerpen.de\/werbeaktionen\/?post_type=product&#038;p=515"},"modified":"2026-02-26T20:16:38","modified_gmt":"2026-02-26T20:16:38","slug":"nizoral","status":"publish","type":"product","link":"https:\/\/www.rathaus-apotheke-kerpen.de\/werbeaktionen\/product\/nizoral\/","title":{"rendered":"Nizoral"},"content":{"rendered":"<h1>Wirkstoffbeschreibung Nizoral<\/h1>\n<p>Nizoral enth\u00e4lt Ketoconazol als Hauptwirkstoff. Es handelt sich um ein Antimykotikum der Azolgruppe. Diese Substanz wirkt durch Hemmung der Ergosterol-Synthese, einem essenziellen Bestandteil von Pilzmembranen. Dadurch wird das Wachstum und die Vermehrung der Pilze unterbunden. Nizoral ist in verschiedenen Darreichungsformen wie Tabletten, Cremes oder Shampoo erh\u00e4ltlich.<\/p>\n<h1>Indikationen und Anwendung<\/h1>\n<p>Nizoral wird zur Behandlung verschiedener Pilzinfektionen eingesetzt. Dazu geh\u00f6ren systemische Mykosen und kutane Pilzerkrankungen wie Tinea corporis, Tinea cruris und Seborrhoische Dermatitis. Au\u00dferdem kann es auch bei Pilzinfektionen der Kopfhaut, wie Pityriasis versicolor, angewendet werden. Die Verabreichung von Nizoral erfolgt in Abh\u00e4ngigkeit von der Darreichungsform und der spezifischen Infektion.<\/p>\n<h1>Anwendungshinweise f\u00fcr Nizoral<\/h1>\n<p>Die Dosierung von Nizoral h\u00e4ngt von der Art der Infektion und dem verwendeten Produkt ab. Bei der Tablettenform wird h\u00e4ufig eine Tagesdosis empfohlen, die f\u00fcr einen bestimmten Zeitraum einzunehmen ist. Bei der \u00e4u\u00dferlichen Anwendung von Creme oder Shampoo sollte das Produkt gleichm\u00e4\u00dfig auf die betroffene Haut- oder Kopfhautstelle aufgetragen und leicht eingerieben werden. Kontakt mit den Augen ist zu vermeiden.<\/p>\n<h1>Nebenwirkungen und Erscheinungen<\/h1>\n<p>Typische Nebenwirkungen von Nizoral k\u00f6nnen gastrointestinale Beschwerden wie \u00dcbelkeit oder Bauchschmerzen sein. Bei topischer Anwendung kann es zu Hautirritationen kommen. In seltenen F\u00e4llen k\u00f6nnen schwerwiegendere Reaktionen auftreten, wie Leberfunktionsst\u00f6rungen oder hormonelle Ungleichgewichte. Patienten sollten auf Ver\u00e4nderungen ihres Allgemeinzustandes achten und diese gegebenenfalls ihrem Arzt melden.<\/p>\n<h1>Pharmakokinetische Eigenschaften<\/h1>\n<p>Nizoral wird bei oraler Einnahme rasch resorbiert. Die Bioverf\u00fcgbarkeit kann durch die gleichzeitige Einnahme von Nahrung oder s\u00e4urehaltigen Getr\u00e4nken verbessert werden. Der Wirkstoff durchl\u00e4uft einen intensiven Metabolismus in der Leber. Die Ausscheidung erfolgt \u00fcberwiegend \u00fcber die Galle und den Stuhl. Ketoconazol passiert die Blut-Hirn-Schranke in geringem Ma\u00dfe und kann in die Muttermilch \u00fcbergehen.<\/p>\n<h1>Kontraindikationen Nizoral<\/h1>\n<p>Nizoral sollte nicht bei Patienten mit \u00dcberempfindlichkeit gegen\u00fcber Ketoconazol oder anderen Inhaltsstoffen angewendet werden. Eine Anwendung bei Patienten mit schweren Leberfunktionsst\u00f6rungen wird nicht empfohlen. Vorbestehende Herzrhythmusst\u00f6rungen k\u00f6nnen durch Nizoral verschlechtert werden, daher sollte die Anwendung unter solchen Bedingungen mit Vorsicht erfolgen.<\/p>\n<h1>Wechselwirkungen mit anderen Medikamenten<\/h1>\n<p>Die gleichzeitige Anwendung von Nizoral und bestimmten Arzneimitteln kann Wechselwirkungen hervorrufen. Insbesondere mit Antikoagulantien, Antikonvulsiva oder immunsuppressiven Mitteln kann eine Dosisanpassung erforderlich sein. Ketoconazol kann die Serumkonzentrationen anderer Substanzen erh\u00f6hen, was das Risiko von Nebenwirkungen potenziell erh\u00f6ht.<\/p>\n<h1>Besondere Patientengruppen<\/h1>\n<p>Bei \u00e4lteren Menschen kann die Medikamentenaufnahme mit einer ver\u00e4nderten Pharmakokinetik einhergehen. Kinder sollten Nizoral nur nach einer ausdr\u00fccklichen \u00e4rztlichen Empfehlung erhalten. Schwangere oder stillende Frauen sollten die Anwendung mit Vorsicht handhaben, da keine ausreichenden Studien zur Sicherheit in diesen Bev\u00f6lkerungsgruppen vorliegen.<\/p>\n<h1>Lagerbedingungen f\u00fcr Nizoral<\/h1>\n<p>Nizoral sollte vor Licht und Feuchtigkeit gesch\u00fctzt und au\u00dferhalb der Reichweite von Kindern aufbewahrt werden. Die empfohlene Lagertemperatur sollte 30 Grad Celsius nicht \u00fcberschreiten. Nach dem \u00d6ffnen der Creme oder Shampoos sollte auf das Verfallsdatum geachtet werden, um maximale Effektivit\u00e4t zu gew\u00e4hrleisten. Unbenutzte Medikamente sollten fachgerecht entsorgt werden.<\/p>\n<h1>Patientenberatung und Tipps<\/h1>\n<p>Patienten sollten \u00fcber die richtige Anwendung informiert werden, darunter die Dosis und die Dauer der Behandlung, um Wiederholungseffekte zu vermeiden. Der Kontakt mit Augen oder Schleimh\u00e4uten sollte vermieden werden. Bei auftretenden Nebenwirkungen oder Ineffektivit\u00e4ten sollte umgehend der Rat eines Arztes eingeholt werden. Die vollst\u00e4ndige Therapie sollte abschlossen werden, auch wenn die Symptome abklingen.<\/p>\n","protected":false},"excerpt":{"rendered":"<p>Nizoral ist ein Medikament, dessen Wirkstoff Ketoconazol ist. Es ist auch unter dem Namen Ketozolin bekannt und wird zur Behandlung von Pilzinfektionen der Haut eingesetzt. Nizoral kann bei Beschwerden wie Schuppen oder Pilzinfektionen helfen. Es kommt h\u00e4ufig in Form von Shampoo oder Creme vor.<\/p>\n<h2>Nizoral Preis<\/h2>\n<p>Der Regelsatz f\u00fcr Nizoral schwankt zwischen 1.11\u20ac und 1.94\u20ac je Pillen. Er ist abh\u00e4ngig von den Abmessungen der Verpackung und der Intensit\u00e4t der Inhaltsstoffe (30 oder 360 tabletten).<\/p>\n","protected":false},"featured_media":387,"comment_status":"open","ping_status":"closed","template":"","meta":{"site-sidebar-layout":"default","site-content-layout":"","ast-site-content-layout":"default","site-content-style":"default","site-sidebar-style":"default","ast-global-header-display":"","ast-banner-title-visibility":"","ast-main-header-display":"","ast-hfb-above-header-display":"","ast-hfb-below-header-display":"","ast-hfb-mobile-header-display":"","site-post-title":"","ast-breadcrumbs-content":"","ast-featured-img":"","footer-sml-layout":"","ast-disable-related-posts":"","theme-transparent-header-meta":"","adv-header-id-meta":"","stick-header-meta":"","header-above-stick-meta":"","header-main-stick-meta":"","header-below-stick-meta":"","astra-migrate-meta-layouts":"default","ast-page-background-enabled":"default","ast-page-background-meta":{"desktop":{"background-color":"var(--ast-global-color-5)","background-image":"","background-repeat":"repeat","background-position":"center center","background-size":"auto","background-attachment":"scroll","background-type":"","background-media":"","overlay-type":"","overlay-color":"","overlay-opacity":"","overlay-gradient":""},"tablet":{"background-color":"","background-image":"","background-repeat":"repeat","background-position":"center center","background-size":"auto","background-attachment":"scroll","background-type":"","background-media":"","overlay-type":"","overlay-color":"","overlay-opacity":"","overlay-gradient":""},"mobile":{"background-color":"","background-image":"","background-repeat":"repeat","background-position":"center center","background-size":"auto","background-attachment":"scroll","background-type":"","background-media":"","overlay-type":"","overlay-color":"","overlay-opacity":"","overlay-gradient":""}},"ast-content-background-meta":{"desktop":{"background-color":"var(--ast-global-color-4)","background-image":"","background-repeat":"repeat","background-position":"center center","background-size":"auto","background-attachment":"scroll","background-type":"","background-media":"","overlay-type":"","overlay-color":"","overlay-opacity":"","overlay-gradient":""},"tablet":{"background-color":"var(--ast-global-color-4)","background-image":"","background-repeat":"repeat","background-position":"center center","background-size":"auto","background-attachment":"scroll","background-type":"","background-media":"","overlay-type":"","overlay-color":"","overlay-opacity":"","overlay-gradient":""},"mobile":{"background-color":"var(--ast-global-color-4)","background-image":"","background-repeat":"repeat","background-position":"center center","background-size":"auto","background-attachment":"scroll","background-type":"","background-media":"","overlay-type":"","overlay-color":"","overlay-opacity":"","overlay-gradient":""}}},"product_brand":[],"product_cat":[280],"product_tag":[],"class_list":{"0":"post-515","1":"product","2":"type-product","3":"status-publish","4":"has-post-thumbnail","6":"product_cat-antifungos","7":"pa_wirkstoff-ketoconazole","8":"desktop-align-left","9":"tablet-align-left","10":"mobile-align-left","12":"first","13":"instock","14":"shipping-taxable","15":"product-type-external"},"_links":{"self":[{"href":"https:\/\/www.rathaus-apotheke-kerpen.de\/werbeaktionen\/wp-json\/wp\/v2\/product\/515","targetHints":{"allow":["GET"]}}],"collection":[{"href":"https:\/\/www.rathaus-apotheke-kerpen.de\/werbeaktionen\/wp-json\/wp\/v2\/product"}],"about":[{"href":"https:\/\/www.rathaus-apotheke-kerpen.de\/werbeaktionen\/wp-json\/wp\/v2\/types\/product"}],"replies":[{"embeddable":true,"href":"https:\/\/www.rathaus-apotheke-kerpen.de\/werbeaktionen\/wp-json\/wp\/v2\/comments?post=515"}],"wp:featuredmedia":[{"embeddable":true,"href":"https:\/\/www.rathaus-apotheke-kerpen.de\/werbeaktionen\/wp-json\/wp\/v2\/media\/387"}],"wp:attachment":[{"href":"https:\/\/www.rathaus-apotheke-kerpen.de\/werbeaktionen\/wp-json\/wp\/v2\/media?parent=515"}],"wp:term":[{"taxonomy":"product_brand","embeddable":true,"href":"https:\/\/www.rathaus-apotheke-kerpen.de\/werbeaktionen\/wp-json\/wp\/v2\/product_brand?post=515"},{"taxonomy":"product_cat","embeddable":true,"href":"https:\/\/www.rathaus-apotheke-kerpen.de\/werbeaktionen\/wp-json\/wp\/v2\/product_cat?post=515"},{"taxonomy":"product_tag","embeddable":true,"href":"https:\/\/www.rathaus-apotheke-kerpen.de\/werbeaktionen\/wp-json\/wp\/v2\/product_tag?post=515"}],"curies":[{"name":"wp","href":"https:\/\/api.w.org\/{rel}","templated":true}]}}