{"id":530,"date":"2026-01-19T21:47:50","date_gmt":"2026-01-19T21:47:50","guid":{"rendered":"https:\/\/www.rathaus-apotheke-kerpen.de\/werbeaktionen\/?post_type=product&#038;p=530"},"modified":"2026-02-26T20:16:36","modified_gmt":"2026-02-26T20:16:36","slug":"xenical","status":"publish","type":"product","link":"https:\/\/www.rathaus-apotheke-kerpen.de\/werbeaktionen\/product\/xenical\/","title":{"rendered":"Xenical"},"content":{"rendered":"<h1>Medikamenteninformationen Xenical<\/h1>\n<h2>Wirkstoff und Klassifizierung<\/h2>\n<p>Xenical enth\u00e4lt den Wirkstoff Orlistat, der zur Gruppe der <a href=\"https:\/\/www.rathaus-apotheke-kerpen.de\/werbeaktionen\/product\/orlistat\/\" data-internallinksmanager029f6b8e52c=\"101\" title=\"Orlistat\">Lipasehemmer<\/a> geh\u00f6rt. Es wirkt direkt im Magen-Darm-Trakt, indem es die Aktivit\u00e4t der Lipasen blockiert. Dadurch wird die Spaltung von Nahrungsfetten in resorbierbare Bestandteile verhindert. Xenical wird h\u00e4ufig zur Behandlung von Fettleibigkeit eingesetzt.<\/p>\n<h2>Anwendungsgebiete von Xenical<\/h2>\n<p>Xenical wird eingesetzt zur Gewichtsreduktion bei Patienten mit Adipositas oder \u00dcbergewicht. Es wird in Kombination mit einer kalorienreduzierten Di\u00e4t verschrieben. Xenical ist auch indiziert bei Patienten mit Risikofaktoren wie Bluthochdruck, <a href=\"https:\/\/www.rathaus-apotheke-kerpen.de\/werbeaktionen\/product-category\/diabetes\/\" data-internallinksmanager029f6b8e52c=\"18\" title=\"diabetes\">Diabetes<\/a> und Hyperlipid\u00e4mie, die von einer Gewichtsabnahme profitieren k\u00f6nnen.<\/p>\n<h2>Dosierungsempfehlungen f\u00fcr Xenical<\/h2>\n<p>Die \u00fcbliche Dosierung von Xenical betr\u00e4gt 120 mg, dreimal t\u00e4glich zu den Hauptmahlzeiten. Die Einnahme sollte w\u00e4hrend oder bis zu einer Stunde nach jeder Mahlzeit erfolgen. Die maximal empfohlene Dosis sollte nicht \u00fcberschritten werden. Falls eine Mahlzeit ausf\u00e4llt oder kein Fett enth\u00e4lt, kann auf die Einnahme von Xenical verzichtet werden.<\/p>\n<h2>Verabreichungsmethode<\/h2>\n<p>Xenical wird in Form von Kapseln verabreicht, die unzerkaut mit etwas Wasser eingenommen werden sollen. Die Einnahme sollte gleichm\u00e4\u00dfig \u00fcber den Tag verteilt werden. Patienten sollten darauf hingewiesen werden, dass die Wirkung von Xenical vermindert sein kann, wenn es in Verbindung mit einer fettreichen Mahlzeit eingenommen wird.<\/p>\n<h2>Begleitende Ern\u00e4hrungsrichtlinien<\/h2>\n<p>W\u00e4hrend der Behandlung mit Xenical ist eine Ern\u00e4hrungsumstellung erforderlich. Es wird empfohlen, eine ausgewogene und kalorienreduzierte Di\u00e4t einzuhalten, bei der weniger als 30% der Kalorien aus Fett stammen. Eine gleichm\u00e4\u00dfige Zufuhr von Fett, Kohlenhydraten und Eiwei\u00df \u00fcber die drei Hauptmahlzeiten sollte angestrebt werden.<\/p>\n<h2>Pharmakokinetische Eigenschaften<\/h2>\n<p>Orlistat wird im Magen-Darm-Trakt nur minimal resorbiert, was zu einer geringen systemischen Exposition f\u00fchrt. Die unresorbierte Menge wird \u00fcberwiegend auf dem Stuhl ausgeschieden. Die maximale Wirkung wird in der Regel innerhalb von 24 bis 48 Stunden nach der Einnahme erreicht. Eine Kumulation von Orlistat im Organismus ist unwahrscheinlich.<\/p>\n<h2>Wechselwirkungen mit anderen Medikamenten<\/h2>\n<p>Xenical kann die Aufnahme von fettl\u00f6slichen Vitaminen beeinflussen und daher die Vitaminversorgung beeintr\u00e4chtigen. Die gleichzeitige Einnahme von Multivitaminpr\u00e4paraten wird empfohlen, jedoch sollte die Einnahmezeit von Xenical und den Vitaminen zeitlich getrennt werden. Eine Wechselwirkung mit Antikoagulantien und bestimmten Antiepileptika kann das Management der jeweiligen Erkrankung beeinflussen.<\/p>\n<h2>Bekannte Nebenwirkungen von Xenical<\/h2>\n<p>Bei der Einnahme von Xenical treten h\u00e4ufig gastrointestinale Symptome auf, die auf die fettbindende Wirkung des Medikaments zur\u00fcckzuf\u00fchren sind. Dazu geh\u00f6ren \u00f6lige Flecken, Flatulenz mit Fl\u00fcssigkeitsabgang und h\u00e4ufige Darmentleerungen. Die Intensit\u00e4t dieser Nebenwirkungen nimmt in der Regel mit fortgesetzter Behandlung ab.<\/p>\n<h2>Bedeutung der Therapiekontrolle<\/h2>\n<p>Regelm\u00e4\u00dfige \u00e4rztliche Kontrollen sind unerl\u00e4sslich, um die Wirksamkeit der Therapie zu \u00fcberwachen und auf eventuelle Nebenwirkungen zu reagieren. Es sollten zudem regelm\u00e4\u00dfige Gewichtskontrollen erfolgen. Der Arzt kann die Dosis oder die Behandlung basierend auf den erreichten Resultaten anpassen.<\/p>\n<h2>Kontraindikationen und Vorsichtsma\u00dfnahmen<\/h2>\n<p>Xenical ist kontraindiziert bei Patienten mit chronischem Malabsorptionssyndrom oder Cholestase. Vorsicht ist geboten bei Patienten mit Nierenerkrankungen, da erh\u00f6hte Oxalatspiegel ein Risiko f\u00fcr die Entwicklung von Nierensteinen darstellen k\u00f6nnen. Eine \u00dcberwachung der <a href=\"https:\/\/www.rathaus-apotheke-kerpen.de\/werbeaktionen\/product\/forxiga\/\" data-internallinksmanager029f6b8e52c=\"110\" title=\"Forxiga\">Nierenfunktion<\/a> bei Risikopatienten wird empfohlen.<\/p>\n<h2>Lagerungsbedingungen f\u00fcr Xenical<\/h2>\n<p>Xenical sollte bei Raumtemperatur aufbewahrt werden, gesch\u00fctzt vor Feuchtigkeit und direkte Sonneneinstrahlung. Die Kapseln sollten in der Originalverpackung bleiben, um die Qualit\u00e4t und Wirksamkeit des Medikaments zu gew\u00e4hrleisten. Der Zugang f\u00fcr Kinder sollte verhindert werden.<\/p>\n","protected":false},"excerpt":{"rendered":"<p>Xenical ist ein Medikament, dessen Wirkstoff Orlistat ist. Es ist auch unter dem Namen Alli bekannt. Xenical wird zur Unterst\u00fctzung bei der Gewichtsreduktion eingesetzt. Es blockiert die Aufnahme von Fetten im Darm, sodass weniger Kalorien aufgenommen werden.<\/p>\n<h2>Xenical Preis<\/h2>\n<p>Der allgemeine Marktpreis f\u00fcr Xenical schwankt zwischen 0.76\u20ac und 2.06\u20ac pro Pillen. Zu den bestimmenden Faktoren geh\u00f6ren die Gr\u00f6\u00dfe der Verpackung und die St\u00e4rke ihrer Bestandteile (30 oder 270 tabletten).<\/p>\n","protected":false},"featured_media":122,"comment_status":"open","ping_status":"closed","template":"","meta":{"site-sidebar-layout":"default","site-content-layout":"","ast-site-content-layout":"default","site-content-style":"default","site-sidebar-style":"default","ast-global-header-display":"","ast-banner-title-visibility":"","ast-main-header-display":"","ast-hfb-above-header-display":"","ast-hfb-below-header-display":"","ast-hfb-mobile-header-display":"","site-post-title":"","ast-breadcrumbs-content":"","ast-featured-img":"","footer-sml-layout":"","ast-disable-related-posts":"","theme-transparent-header-meta":"","adv-header-id-meta":"","stick-header-meta":"","header-above-stick-meta":"","header-main-stick-meta":"","header-below-stick-meta":"","astra-migrate-meta-layouts":"default","ast-page-background-enabled":"default","ast-page-background-meta":{"desktop":{"background-color":"var(--ast-global-color-5)","background-image":"","background-repeat":"repeat","background-position":"center center","background-size":"auto","background-attachment":"scroll","background-type":"","background-media":"","overlay-type":"","overlay-color":"","overlay-opacity":"","overlay-gradient":""},"tablet":{"background-color":"","background-image":"","background-repeat":"repeat","background-position":"center center","background-size":"auto","background-attachment":"scroll","background-type":"","background-media":"","overlay-type":"","overlay-color":"","overlay-opacity":"","overlay-gradient":""},"mobile":{"background-color":"","background-image":"","background-repeat":"repeat","background-position":"center center","background-size":"auto","background-attachment":"scroll","background-type":"","background-media":"","overlay-type":"","overlay-color":"","overlay-opacity":"","overlay-gradient":""}},"ast-content-background-meta":{"desktop":{"background-color":"var(--ast-global-color-4)","background-image":"","background-repeat":"repeat","background-position":"center center","background-size":"auto","background-attachment":"scroll","background-type":"","background-media":"","overlay-type":"","overlay-color":"","overlay-opacity":"","overlay-gradient":""},"tablet":{"background-color":"var(--ast-global-color-4)","background-image":"","background-repeat":"repeat","background-position":"center center","background-size":"auto","background-attachment":"scroll","background-type":"","background-media":"","overlay-type":"","overlay-color":"","overlay-opacity":"","overlay-gradient":""},"mobile":{"background-color":"var(--ast-global-color-4)","background-image":"","background-repeat":"repeat","background-position":"center center","background-size":"auto","background-attachment":"scroll","background-type":"","background-media":"","overlay-type":"","overlay-color":"","overlay-opacity":"","overlay-gradient":""}}},"product_brand":[],"product_cat":[18],"product_tag":[],"class_list":{"0":"post-530","1":"product","2":"type-product","3":"status-publish","4":"has-post-thumbnail","6":"product_cat-gewichtsverlust","7":"pa_wirkstoff-orlistat","8":"desktop-align-left","9":"tablet-align-left","10":"mobile-align-left","12":"first","13":"instock","14":"shipping-taxable","15":"product-type-external"},"_links":{"self":[{"href":"https:\/\/www.rathaus-apotheke-kerpen.de\/werbeaktionen\/wp-json\/wp\/v2\/product\/530","targetHints":{"allow":["GET"]}}],"collection":[{"href":"https:\/\/www.rathaus-apotheke-kerpen.de\/werbeaktionen\/wp-json\/wp\/v2\/product"}],"about":[{"href":"https:\/\/www.rathaus-apotheke-kerpen.de\/werbeaktionen\/wp-json\/wp\/v2\/types\/product"}],"replies":[{"embeddable":true,"href":"https:\/\/www.rathaus-apotheke-kerpen.de\/werbeaktionen\/wp-json\/wp\/v2\/comments?post=530"}],"wp:featuredmedia":[{"embeddable":true,"href":"https:\/\/www.rathaus-apotheke-kerpen.de\/werbeaktionen\/wp-json\/wp\/v2\/media\/122"}],"wp:attachment":[{"href":"https:\/\/www.rathaus-apotheke-kerpen.de\/werbeaktionen\/wp-json\/wp\/v2\/media?parent=530"}],"wp:term":[{"taxonomy":"product_brand","embeddable":true,"href":"https:\/\/www.rathaus-apotheke-kerpen.de\/werbeaktionen\/wp-json\/wp\/v2\/product_brand?post=530"},{"taxonomy":"product_cat","embeddable":true,"href":"https:\/\/www.rathaus-apotheke-kerpen.de\/werbeaktionen\/wp-json\/wp\/v2\/product_cat?post=530"},{"taxonomy":"product_tag","embeddable":true,"href":"https:\/\/www.rathaus-apotheke-kerpen.de\/werbeaktionen\/wp-json\/wp\/v2\/product_tag?post=530"}],"curies":[{"name":"wp","href":"https:\/\/api.w.org\/{rel}","templated":true}]}}